{"id":128,"date":"2024-05-14T11:05:41","date_gmt":"2024-05-14T09:05:41","guid":{"rendered":"https:\/\/www.altrulocu.fr\/wwwaltrulocu\/?page_id=128"},"modified":"2024-12-02T19:52:38","modified_gmt":"2024-12-02T18:52:38","slug":"nous-soutenir","status":"publish","type":"page","link":"https:\/\/sandbox.altrulocu.fr\/base\/preprod\/nous-soutenir\/","title":{"rendered":"Nous soutenir"},"content":{"rendered":"\n<div class=\"wp-block-uagb-container uagb-block-61b1bb3c alignfull uagb-is-root-container\"><div class=\"uagb-container-inner-blocks-wrap\">\n<div class=\"wp-block-uagb-advanced-heading uagb-block-653eb2c7\"><h3 class=\"uagb-heading-text\">Comment et pourquoi soutenir l&rsquo;Altru Locu : a Lenza ?<\/h3><\/div>\n\n\n\n<div class=\"wp-block-uagb-info-box uagb-block-00c41c6b uagb-infobox__content-wrap  uagb-infobox-icon-left-title uagb-infobox-left uagb-infobox-image-valign-top wp-block-uagb-info-box--has-margin\"><div class=\"uagb-infobox-margin-wrapper\"><div class=\"uagb-ifb-content\"><div class=\"uagb-ifb-left-title-image\"><div class=\"uagb-ifb-title-wrap\"><h2 class=\"uagb-ifb-title\">En faisant un don<\/h2><\/div><\/div><div class=\"uagb-ifb-separator\"><\/div><p class=\"uagb-ifb-desc\">Actuellement, l&rsquo;association <strong>L&rsquo;Altru Locu : A Lenza<\/strong> fonctionne uniquement sur la base des temps, \u00e9nergie et fonds personnels des b\u00e9n\u00e9voles. L\u2019ensemble des r\u00e9alisations de nos r\u00e9sidents et intervenants rel\u00e8ve principalement de vos dons, qu\u2019il s\u2019agisse d\u2019activit\u00e9s p\u00e9dagogiques, patrimoniales, culturelles ou d\u2019accompagnement sp\u00e9cialis\u00e9 aux publics atypiques.<br><br>En 2024, l&rsquo;<em>Altru Locu<\/em> s&rsquo;est dot\u00e9 de sa <em>lenza<\/em> d\u00e9di\u00e9e, et intensifie son d\u00e9veloppement. En donnant et\/ou en adh\u00e9rant \u00e0 l&rsquo;association, vous contribuez \u00e0 :<\/p><\/div><\/div><\/div>\n\n\n\n<ul style=\"margin-top:0\" class=\"wp-block-list\">\n<li>donner vie aux projets de nos r\u00e9sidents ;<\/li>\n\n\n\n<li>la cr\u00e9ation de nouveaux ateliers et services ;<\/li>\n\n\n\n<li>l&rsquo;am\u00e9nagement de notre petit lopin de terre en fonction des besoins et sp\u00e9cificit\u00e9s des personnes qui le fr\u00e9quentent et des activit\u00e9s propos\u00e9es.<\/li>\n<\/ul>\n\n\n\n<details class=\"wp-block-details has-ast-global-color-1-color has-text-color has-link-color wp-elements-160f8d5aa39a2efac9a1e76311d6fbd3 is-layout-flow wp-block-details-is-layout-flow\" style=\"padding-top:1em;padding-bottom:1em;font-size:1.5em;font-style:normal;font-weight:600\"><summary>Je donne<\/summary>\n<iframe id=\"haWidget\" allowtransparency=\"true\" scrolling=\"auto\" src=\"https:\/\/www.helloasso.com\/associations\/l-altru-locu-a-lenza\/formulaires\/1\/widget\" style=\"width: 100%; height: 100vh; border: none;\"><\/iframe>\n<\/details>\n\n\n\n<div class=\"wp-block-uagb-info-box uagb-block-e6e756f3 uagb-infobox__content-wrap  uagb-infobox-icon-left-title uagb-infobox-left uagb-infobox-image-valign-top wp-block-uagb-info-box--has-margin\"><div class=\"uagb-infobox-margin-wrapper\"><div class=\"uagb-ifb-content\"><div class=\"uagb-ifb-left-title-image\"><div class=\"uagb-ifb-title-wrap\"><h2 class=\"uagb-ifb-title\">En adh\u00e9rant<\/h2><\/div><\/div><div class=\"uagb-ifb-separator\"><\/div><p class=\"uagb-ifb-desc\">Le soutien financier nous permet d\u2019investir dans du mat\u00e9riel, de lancer de nouveaux projets, de faire vivre l&rsquo;Altru Locu. Alors pourquoi adh\u00e9rer ?<\/p><\/div><\/div><\/div>\n\n\n\n<ul style=\"margin-bottom:0\" class=\"wp-block-list\">\n<li>Parce que vous vous sentez concern\u00e9(e), que ce soit pour vous-m\u00eame ou un proche ;<\/li>\n\n\n\n<li>Parce que vous aimez les mots <strong>bienveillance<\/strong>, <strong>accueil<\/strong>, <strong>cr\u00e9ativit\u00e9<\/strong>, <strong>ouverture d\u2019esprit<\/strong>, <strong>coop\u00e9ration<\/strong>, <strong>jardin<\/strong>, <strong>alternatif<\/strong>\u2026 et que cela vous a donn\u00e9 envie de contribuer et de montrer votre adh\u00e9sion au projet ;<\/li>\n\n\n\n<li>Parce qu&rsquo;en adh\u00e9rant \u00e0 l&rsquo;association une fois par an pour quelques euros, vous aurez acc\u00e8s \u00e0 des ateliers ou activit\u00e9s r\u00e9serv\u00e9s aux adh\u00e9rents, ainsi qu&rsquo;\u00e0 des r\u00e9ductions pour les \u00e9v\u00e9nements tous publics&#8230; Y&rsquo;a pas de petits profits !<\/li>\n<\/ul>\n\n\n\n<div class=\"wp-block-uagb-info-box uagb-block-ad9ab624 uagb-infobox__content-wrap  uagb-infobox-icon-above-title uagb-infobox-image-valign-top\"><div class=\"uagb-ifb-content\"><div class=\"uagb-ifb-title-wrap\"><\/div><p class=\"uagb-ifb-desc\">Par votre adh\u00e9sion, vous manifestez ainsi votre soutien moral \u00e0 l&rsquo;association, \u00e0 nos r\u00e9sidents et b\u00e9n\u00e9voles. Cela donne \u00e9galement plus de poids et de visibilit\u00e9 \u00e0 notre action.<\/p><\/div><\/div>\n\n\n\n<details class=\"wp-block-details has-ast-global-color-1-color has-text-color has-link-color wp-elements-74c57c20809f342e972b08945349bcd5 is-layout-flow wp-block-details-is-layout-flow\" style=\"padding-top:1em;padding-bottom:1em;font-size:1.5em;font-style:normal;font-weight:600\"><summary>J&rsquo;adh\u00e8re<\/summary>\n<iframe id=\"haWidget\" allowtransparency=\"true\" scrolling=\"auto\" src=\"https:\/\/www.helloasso.com\/associations\/l-altru-locu-a-lenza\/adhesions\/adhesion\/widget\" style=\"width: 100%; height: 100vh; border: none;\"><\/iframe>\n<\/details>\n\n\n\n<div class=\"wp-block-uagb-info-box uagb-block-d3239e7e uagb-infobox__content-wrap  uagb-infobox-icon-above-title uagb-infobox-image-valign-top wp-block-uagb-info-box--has-margin\"><div class=\"uagb-infobox-margin-wrapper\"><div class=\"uagb-ifb-content\"><div class=\"uagb-ifb-title-wrap\"><h2 class=\"uagb-ifb-title\">En finan\u00e7ant des projets<\/h2><\/div><div class=\"uagb-ifb-separator\"><\/div><p class=\"uagb-ifb-desc\">Il y a le budget pour le fonctionnement et le d\u00e9veloppement g\u00e9n\u00e9ral de l&rsquo;association, et puis il y a certains projets particuliers, que ce soit en raison du montant de l&rsquo;investissement, du d\u00e9lai imparti pour les mettre en oeuvre ou de leur th\u00e8me, qui n\u00e9cessitent un financement \u00e0 part. Pour ces projets sp\u00e9cifiques, nous avons d\u00e9cid\u00e9 de mettre en place des campagnes de financement participatif (\u00ab\u00a0crowdfunding\u00a0\u00bb) via notre partenaire Helloasso.<br>Cela vous permet \u00e9galement de choisir LE (ou LES, soyons fous !) projet(s) qui vous tien(nen)t particuli\u00e8rement \u00e0 coeur, et donc de contribuer pr\u00e9cis\u00e9ment \u00e0 celui\/ceux-ci.<\/p><\/div><\/div><\/div>\n\n\n\n\t\t\t<div class=\"wp-block-uagb-post-grid uagb-post-grid  uagb-post__image-position-top uagb-post__image-enabled uagb-block-31512505     uagb-post__items uagb-post__columns-3 is-grid uagb-post__columns-tablet-2 uagb-post__columns-mobile-1 uagb-post__equal-height\" data-total=\"1\" style=\"\">\n\n\t\t\t\t\t\t\t\t\t\t\t\t<article class=\"uagb-post__inner-wrap\">\t\t\t\t\t\t\t\t<div class='uagb-post__image'>\n\t\t\t\t\t\t\t\t\t<a href=\"https:\/\/sandbox.altrulocu.fr\/base\/preprod\/atelier-alivu\/\" target=\"_self\" rel=\"bookmark noopener noreferrer\" class='uagb-image-ratio-inherit'><img loading=\"lazy\" decoding=\"async\" width=\"1000\" height=\"667\" src=\"https:\/\/sandbox.altrulocu.fr\/base\/preprod\/wp-content\/uploads\/2024\/05\/meules-olives-3x2-1.webp\" class=\"attachment-large size-large\" alt=\"\" \/>\t\t\t\t\t<\/a>\n\t\t\t\t\t\t\t<\/div>\n\t\t\t\t\t\t<h4 class=\"uagb-post__title uagb-post__text\">\n\t\t\t\t<a href=\"https:\/\/sandbox.altrulocu.fr\/base\/preprod\/atelier-alivu\/\" target=\"_self\" rel=\"bookmark noopener noreferrer\">Projet Atelier Alivu, Patrimoine et Culture<\/a>\n\t\t\t<\/h4>\n\t\t\t\t\t\t<div class='uagb-post__text uagb-post-grid-byline'>\n\t\t\t\t\t\t\t<\/div>\n\t\t\t\t\t\t\t<div class='uagb-post__text uagb-post__excerpt'>\n\t\t\t\t\tMise en oeuvre d&rsquo;un atelier de production d&rsquo;huile d&rsquo;olive \u00e0 destination des particuliers, activit\u00e9 partag\u00e9e&#8230;\t\t\t\t<\/div>\n\t\t\t\t\t\t<div class=\"uagb-post__text uagb-post__cta wp-block-button\">\n\t\t\t\t<a class=\"wp-block-button__link uagb-text-link\" style=\"\" href=\"https:\/\/sandbox.altrulocu.fr\/base\/preprod\/atelier-alivu\/\" target=\"_self\" rel=\"bookmark noopener noreferrer\">Lire la suite<\/a>\n\t\t\t<\/div>\n\t\t\t\n\t\t\t\t\t\t\t\t\t<\/article>\n\t\t\t\t\t\t\t\t\t\t\t<\/div>\n\t\t\t<\/div><\/div>\n","protected":false},"excerpt":{"rendered":"<p>Comment et pourquoi soutenir l&rsquo;Altru Locu : a Lenza ?<\/p>\n","protected":false},"author":1,"featured_media":3279,"parent":0,"menu_order":0,"comment_status":"closed","ping_status":"closed","template":"","meta":{"_uag_custom_page_level_css":"","site-sidebar-layout":"default","site-content-layout":"","ast-site-content-layout":"default","site-content-style":"default","site-sidebar-style":"default","ast-global-header-display":"","ast-banner-title-visibility":"","ast-main-header-display":"","ast-hfb-above-header-display":"","ast-hfb-below-header-display":"","ast-hfb-mobile-header-display":"","site-post-title":"","ast-breadcrumbs-content":"","ast-featured-img":"disabled","footer-sml-layout":"","ast-disable-related-posts":"","theme-transparent-header-meta":"","adv-header-id-meta":"","stick-header-meta":"","header-above-stick-meta":"","header-main-stick-meta":"","header-below-stick-meta":"","astra-migrate-meta-layouts":"default","ast-page-background-enabled":"default","ast-page-background-meta":{"desktop":{"background-color":"var(--ast-global-color-4)","background-image":"","background-repeat":"repeat","background-position":"center center","background-size":"auto","background-attachment":"scroll","background-type":"","background-media":"","overlay-type":"","overlay-color":"","overlay-opacity":"","overlay-gradient":""},"tablet":{"background-color":"","background-image":"","background-repeat":"repeat","background-position":"center center","background-size":"auto","background-attachment":"scroll","background-type":"","background-media":"","overlay-type":"","overlay-color":"","overlay-opacity":"","overlay-gradient":""},"mobile":{"background-color":"","background-image":"","background-repeat":"repeat","background-position":"center center","background-size":"auto","background-attachment":"scroll","background-type":"","background-media":"","overlay-type":"","overlay-color":"","overlay-opacity":"","overlay-gradient":""}},"ast-content-background-meta":{"desktop":{"background-color":"var(--ast-global-color-5)","background-image":"","background-repeat":"repeat","background-position":"center center","background-size":"auto","background-attachment":"scroll","background-type":"","background-media":"","overlay-type":"","overlay-color":"","overlay-opacity":"","overlay-gradient":""},"tablet":{"background-color":"var(--ast-global-color-5)","background-image":"","background-repeat":"repeat","background-position":"center center","background-size":"auto","background-attachment":"scroll","background-type":"","background-media":"","overlay-type":"","overlay-color":"","overlay-opacity":"","overlay-gradient":""},"mobile":{"background-color":"var(--ast-global-color-5)","background-image":"","background-repeat":"repeat","background-position":"center center","background-size":"auto","background-attachment":"scroll","background-type":"","background-media":"","overlay-type":"","overlay-color":"","overlay-opacity":"","overlay-gradient":""}},"footnotes":""},"class_list":["post-128","page","type-page","status-publish","has-post-thumbnail","hentry"],"uagb_featured_image_src":{"full":["https:\/\/sandbox.altrulocu.fr\/base\/preprod\/wp-content\/uploads\/2024\/05\/olivier-banniere-4x1-1920x480-2.webp",1920,480,false],"thumbnail":["https:\/\/sandbox.altrulocu.fr\/base\/preprod\/wp-content\/uploads\/2024\/05\/olivier-banniere-4x1-1920x480-2-150x150.webp",150,150,true],"medium":["https:\/\/sandbox.altrulocu.fr\/base\/preprod\/wp-content\/uploads\/2024\/05\/olivier-banniere-4x1-1920x480-2.webp",300,75,false],"medium_large":["https:\/\/sandbox.altrulocu.fr\/base\/preprod\/wp-content\/uploads\/2024\/05\/olivier-banniere-4x1-1920x480-2.webp",768,192,false],"large":["https:\/\/sandbox.altrulocu.fr\/base\/preprod\/wp-content\/uploads\/2024\/05\/olivier-banniere-4x1-1920x480-2.webp",1024,256,false],"1536x1536":["https:\/\/sandbox.altrulocu.fr\/base\/preprod\/wp-content\/uploads\/2024\/05\/olivier-banniere-4x1-1920x480-2.webp",1536,384,false],"2048x2048":["https:\/\/sandbox.altrulocu.fr\/base\/preprod\/wp-content\/uploads\/2024\/05\/olivier-banniere-4x1-1920x480-2.webp",1920,480,false]},"uagb_author_info":{"display_name":"Altru Locu","author_link":"https:\/\/sandbox.altrulocu.fr\/base\/preprod\/author\/admin8952\/"},"uagb_comment_info":0,"uagb_excerpt":"Comment et pourquoi soutenir l&rsquo;Altru Locu : a Lenza ?","_links":{"self":[{"href":"https:\/\/sandbox.altrulocu.fr\/base\/preprod\/wp-json\/wp\/v2\/pages\/128","targetHints":{"allow":["GET"]}}],"collection":[{"href":"https:\/\/sandbox.altrulocu.fr\/base\/preprod\/wp-json\/wp\/v2\/pages"}],"about":[{"href":"https:\/\/sandbox.altrulocu.fr\/base\/preprod\/wp-json\/wp\/v2\/types\/page"}],"author":[{"embeddable":true,"href":"https:\/\/sandbox.altrulocu.fr\/base\/preprod\/wp-json\/wp\/v2\/users\/1"}],"replies":[{"embeddable":true,"href":"https:\/\/sandbox.altrulocu.fr\/base\/preprod\/wp-json\/wp\/v2\/comments?post=128"}],"version-history":[{"count":0,"href":"https:\/\/sandbox.altrulocu.fr\/base\/preprod\/wp-json\/wp\/v2\/pages\/128\/revisions"}],"wp:featuredmedia":[{"embeddable":true,"href":"https:\/\/sandbox.altrulocu.fr\/base\/preprod\/wp-json\/wp\/v2\/media\/3279"}],"wp:attachment":[{"href":"https:\/\/sandbox.altrulocu.fr\/base\/preprod\/wp-json\/wp\/v2\/media?parent=128"}],"curies":[{"name":"wp","href":"https:\/\/api.w.org\/{rel}","templated":true}]}}