{"id":138,"date":"2024-05-09T12:40:03","date_gmt":"2024-05-09T10:40:03","guid":{"rendered":"https:\/\/www.altrulocu.fr\/wwwaltrulocu\/?page_id=138"},"modified":"2024-05-15T00:11:53","modified_gmt":"2024-05-14T22:11:53","slug":"activites","status":"publish","type":"page","link":"https:\/\/sandbox.altrulocu.fr\/base\/preprod\/activites\/","title":{"rendered":"Activit\u00e9s"},"content":{"rendered":"\n<div class=\"wp-block-uagb-container uagb-block-53997259 alignfull uagb-is-root-container\"><div class=\"uagb-container-inner-blocks-wrap\">\t\t\t\t<div class=\"wp-block-uagb-table-of-contents uagb-toc__align-left uagb-toc__columns-1  uagb-block-e89d8b07      \"\n\t\t\t\t\tdata-scroll= \"1\"\n\t\t\t\t\tdata-offset= \"30\"\n\t\t\t\t\tstyle=\"\"\n\t\t\t\t>\n\t\t\t\t<div class=\"uagb-toc__wrap\">\n\t\t\t\t\t\t<div class=\"uagb-toc__title\">\n\t\t\t\t\t\t\tNos activit\u00e9s sont structur\u00e9es en 5 p\u00f4les qui peuvent se recouper ou se compl\u00e9ter :\t\t\t\t\t\t<\/div>\n\t\t\t\t\t\t\t\t\t\t\t\t\t\t\t\t\t\t\t\t\t\t<div class=\"uagb-toc__list-wrap \">\n\t\t\t\t\t\t<ol class=\"uagb-toc__list\"><li class=\"uagb-toc__list\"><a href=\"#p\u00f4le-handicap\" class=\"uagb-toc-link__trigger\">P\u00f4le Handicap<\/a><li class=\"uagb-toc__list\"><a href=\"#p\u00f4le-p\u00e9dagogie-formation\" class=\"uagb-toc-link__trigger\">P\u00f4le P\u00e9dagogie \/ Formation<\/a><li class=\"uagb-toc__list\"><a href=\"#p\u00f4le-culture-environnement-et-patrimoine\" class=\"uagb-toc-link__trigger\">P\u00f4le Culture, Environnement et Patrimoine<\/a><li class=\"uagb-toc__list\"><a href=\"#p\u00f4le-num\u00e9rique-co-working\" class=\"uagb-toc-link__trigger\">P\u00f4le Num\u00e9rique \/ Co-Working<\/a><li class=\"uagb-toc__list\"><a href=\"#p\u00f4le-convivialit\u00e9\" class=\"uagb-toc-link__trigger\">P\u00f4le Convivialit\u00e9<\/a><\/ol>\t\t\t\t\t<\/div>\n\t\t\t\t\t\t\t\t\t<\/div>\n\t\t\t\t<\/div>\n\t\t\t\n\n\n<p style=\"margin-top:0;margin-bottom:0;padding-top:0;padding-bottom:0;font-size:1em\">Hormis l\u2019encadrement sp\u00e9cifique de l\u2019activit\u00e9 des r\u00e9sidents de l\u2019association, les p\u00f4les proposent des activit\u00e9s pour les publics adh\u00e9rents individuels ou institutionnels (et non adh\u00e9rents hors site) tout au long de l\u2019ann\u00e9e.<\/p>\n\n\n\n<div class=\"wp-block-uagb-advanced-heading uagb-block-b40b9b90\"><h2 class=\"uagb-heading-text\">P\u00f4le Handicap<\/h2><div class=\"uagb-separator\"><\/div><\/div>\n\n\n\n<ul class=\"wp-block-list\">\n<li>Guidance parentale \/ soutien \u00e0 la parentalit\u00e9<\/li>\n\n\n\n<li>Aide pour monter les dossiers m\u00e9dico-sociaux<\/li>\n\n\n\n<li>Ateliers sensoriels<\/li>\n\n\n\n<li>Ateliers manuels divers pour stimuler la motricit\u00e9 \/ fonctions cognitives<\/li>\n\n\n\n<li>Ateliers de jeux collectifs de flexibilit\u00e9 mentale<\/li>\n\n\n\n<li>Ateliers rencontres parents\/professionnels m\u00e9dico-sociaux<\/li>\n\n\n\n<li>Ateliers th\u00e9\u00e2tre sp\u00e9cialis\u00e9 public atypique<\/li>\n\n\n\n<li>Ateliers r\u00e9flexes archa\u00efques (kin\u00e9 \/ \u00e9ducatrice)<\/li>\n\n\n\n<li>Ateliers relaxologie \/ dansoth\u00e9rapie<\/li>\n\n\n\n<li>Ateliers initiation cuisine\/entretien des locaux\/autonomie dans les gestes de la vie quotidienne jeunes adultes<\/li>\n\n\n\n<li>Ateliers rencontres interg\u00e9n\u00e9rationnelles<\/li>\n\n\n\n<li>Ateliers le monde au f\u00e9minin pour les jeunes femmes<\/li>\n<\/ul>\n\n\n\n<div class=\"wp-block-uagb-advanced-heading uagb-block-11810d8b\"><h2 class=\"uagb-heading-text\">P\u00f4le P\u00e9dagogie \/ Formation<\/h2><div class=\"uagb-separator\"><\/div><\/div>\n\n\n\n<ul class=\"wp-block-list\">\n<li>Ateliers jardins et autour du jardin<\/li>\n\n\n\n<li>Ateliers cr\u00e9atifs<\/li>\n\n\n\n<li>Ateliers hortith\u00e9rapeutiques (r\u00e9\u00e9ducation fonctionnelle, ateliers m\u00e9moire)<\/li>\n\n\n\n<li>Accueil des jeunes en Instruction En Famille, possibilit\u00e9 de soutien scolaire individualis\u00e9 et ponctuel<\/li>\n\n\n\n<li>Ap\u00e9ros psys<\/li>\n<\/ul>\n\n\n\n<div class=\"wp-block-uagb-advanced-heading uagb-block-985acea9\"><h2 class=\"uagb-heading-text\">P\u00f4le Culture, Environnement et Patrimoine<\/h2><div class=\"uagb-separator\"><\/div><\/div>\n\n\n\n<ul class=\"wp-block-list\">\n<li>Ateliers <em><strong>Alivu<\/strong><\/em><\/li>\n\n\n\n<li>Ateliers Contes<\/li>\n\n\n\n<li>Ateliers en collaboration avec d\u2019autres associations, \u00e0 la demande des r\u00e9sidents<\/li>\n<\/ul>\n\n\n\n<p style=\"margin-top:0;margin-bottom:0;padding-top:0px;padding-right:0px;padding-bottom:0px;padding-left:26px\">Le p\u00f4le Culture, environnement, patrimoine, vient en appui aux projets de l\u2019ensemble des autres P\u00f4les.<\/p>\n\n\n\n<div class=\"wp-block-uagb-advanced-heading uagb-block-d06725a2\"><h2 class=\"uagb-heading-text\">P\u00f4le Num\u00e9rique \/ Co-Working<\/h2><div class=\"uagb-separator\"><\/div><\/div>\n\n\n\n<ul class=\"wp-block-list\">\n<li>Possibilit\u00e9 de venir travailler seul sur un projet personnel ou professionnel<\/li>\n\n\n\n<li>Travail en coop\u00e9ration entre r\u00e9sidents sur un projet pour l\u2019Altru Locu<\/li>\n\n\n\n<li>Montage vid\u00e9o, Programmation, avec ou sans l\u2019aide d\u2019intervenants r\u00e9sidents ou non<\/li>\n\n\n\n<li>Tout autre projet individuel ou collectif propos\u00e9 par le r\u00e9sident<\/li>\n<\/ul>\n\n\n\n<div class=\"wp-block-uagb-advanced-heading uagb-block-5549c982\"><h2 class=\"uagb-heading-text\">P\u00f4le Convivialit\u00e9<\/h2><div class=\"uagb-separator\"><\/div><\/div>\n\n\n\n<p style=\"margin-top:0;margin-bottom:0;padding-left:26px\">Hors les heures d\u2019accueil, des \u00e9v\u00e8nements conviviaux sont organis\u00e9s au fil des semaines et des envies des r\u00e9sidents et autres adh\u00e9rents convi\u00e9s.<\/p>\n<\/div><\/div>\n\n\n\n<div class=\"wp-block-uagb-container uagb-block-5fb0f19a alignfull uagb-is-root-container\"><div class=\"uagb-container-inner-blocks-wrap\">\n<div class=\"wp-block-uagb-advanced-heading uagb-block-b4d9295c\"><h3 class=\"uagb-heading-text\">Liste des activit\u00e9s<\/h3><div class=\"uagb-separator\"><\/div><p class=\"uagb-desc-text\"><em>(en construction)<\/em><\/p><\/div>\n\n\n\n\t\t\t<div class=\"wp-block-uagb-post-grid uagb-post-grid  uagb-post__image-position-top uagb-post__image-enabled uagb-block-b55656ba     uagb-post__items uagb-post__columns-4 is-grid uagb-post__columns-tablet-2 uagb-post__columns-mobile-1 uagb-post__equal-height\" data-total=\"1\" style=\"\">\n\n\t\t\t\t\t\t\t\t\t\t\t\t<article class=\"uagb-post__inner-wrap\">\t\t\t\t\t\t\t\t<div class='uagb-post__image'>\n\t\t\t\t\t\t\t\t\t<a href=\"https:\/\/sandbox.altrulocu.fr\/base\/preprod\/hortitherapie\/\" target=\"_self\" rel=\"bookmark noopener noreferrer\" class='uagb-image-ratio-2-3'><img loading=\"lazy\" decoding=\"async\" width=\"667\" height=\"445\" src=\"https:\/\/sandbox.altrulocu.fr\/base\/preprod\/wp-content\/uploads\/2024\/05\/mains-plante-3x2-1.webp\" class=\"attachment-full size-full\" alt=\"\" \/>\t\t\t\t\t<\/a>\n\t\t\t\t\t\t\t<\/div>\n\t\t\t\t\t\t<h4 class=\"uagb-post__title uagb-post__text\">\n\t\t\t\t<a href=\"https:\/\/sandbox.altrulocu.fr\/base\/preprod\/hortitherapie\/\" target=\"_self\" rel=\"bookmark noopener noreferrer\">Hortith\u00e9rapie<\/a>\n\t\t\t<\/h4>\n\t\t\t\t\t\t<div class='uagb-post__text uagb-post-grid-byline'>\n\t\t\t\t\t\t\t<\/div>\n\t\t\t\t\t\t\t<div class='uagb-post__text uagb-post__excerpt'>\n\t\t\t\t\tDans son Jardin de soin, l\u2019Altru Locu propose des ateliers hortith\u00e9rapeutiques&#8230;\t\t\t\t<\/div>\n\t\t\t\t\t\t<div class=\"uagb-post__text uagb-post__cta wp-block-button\">\n\t\t\t\t<a class=\"wp-block-button__link uagb-text-link\" style=\"\" href=\"https:\/\/sandbox.altrulocu.fr\/base\/preprod\/hortitherapie\/\" target=\"_self\" rel=\"bookmark noopener noreferrer\">Voir<\/a>\n\t\t\t<\/div>\n\t\t\t\n\t\t\t\t\t\t\t\t\t<\/article>\n\t\t\t\t\t\t\t\t\t\t\t\t\t<div class=\"uagb-post-pagination-wrap\">\n\t\t\t\t\t\t\t\t\t\t\t<\/div>\n\t\t\t\t\t\t\t\t<\/div>\n\t\t\t<\/div><\/div>\n","protected":false},"excerpt":{"rendered":"<p>Hormis l\u2019encadrement sp\u00e9cifique de l\u2019activit\u00e9 des r\u00e9sidents de l\u2019association, les p\u00f4les proposent des activit\u00e9s pour les publics adh\u00e9rents individuels ou institutionnels (et non adh\u00e9rents hors site) tout au long de l\u2019ann\u00e9e. P\u00f4le Handicap P\u00f4le P\u00e9dagogie \/ Formation P\u00f4le Culture, Environnement et Patrimoine Le p\u00f4le Culture, environnement, patrimoine, vient en appui aux projets de l\u2019ensemble des [&hellip;]<\/p>\n","protected":false},"author":1,"featured_media":3279,"parent":0,"menu_order":0,"comment_status":"closed","ping_status":"closed","template":"","meta":{"_uag_custom_page_level_css":"","site-sidebar-layout":"default","site-content-layout":"","ast-site-content-layout":"default","site-content-style":"default","site-sidebar-style":"default","ast-global-header-display":"","ast-banner-title-visibility":"","ast-main-header-display":"","ast-hfb-above-header-display":"","ast-hfb-below-header-display":"","ast-hfb-mobile-header-display":"","site-post-title":"","ast-breadcrumbs-content":"","ast-featured-img":"disabled","footer-sml-layout":"","ast-disable-related-posts":"","theme-transparent-header-meta":"","adv-header-id-meta":"","stick-header-meta":"","header-above-stick-meta":"","header-main-stick-meta":"","header-below-stick-meta":"","astra-migrate-meta-layouts":"default","ast-page-background-enabled":"default","ast-page-background-meta":{"desktop":{"background-color":"var(--ast-global-color-4)","background-image":"","background-repeat":"repeat","background-position":"center center","background-size":"auto","background-attachment":"scroll","background-type":"","background-media":"","overlay-type":"","overlay-color":"","overlay-opacity":"","overlay-gradient":""},"tablet":{"background-color":"","background-image":"","background-repeat":"repeat","background-position":"center center","background-size":"auto","background-attachment":"scroll","background-type":"","background-media":"","overlay-type":"","overlay-color":"","overlay-opacity":"","overlay-gradient":""},"mobile":{"background-color":"","background-image":"","background-repeat":"repeat","background-position":"center center","background-size":"auto","background-attachment":"scroll","background-type":"","background-media":"","overlay-type":"","overlay-color":"","overlay-opacity":"","overlay-gradient":""}},"ast-content-background-meta":{"desktop":{"background-color":"var(--ast-global-color-5)","background-image":"","background-repeat":"repeat","background-position":"center center","background-size":"auto","background-attachment":"scroll","background-type":"","background-media":"","overlay-type":"","overlay-color":"","overlay-opacity":"","overlay-gradient":""},"tablet":{"background-color":"var(--ast-global-color-5)","background-image":"","background-repeat":"repeat","background-position":"center center","background-size":"auto","background-attachment":"scroll","background-type":"","background-media":"","overlay-type":"","overlay-color":"","overlay-opacity":"","overlay-gradient":""},"mobile":{"background-color":"var(--ast-global-color-5)","background-image":"","background-repeat":"repeat","background-position":"center center","background-size":"auto","background-attachment":"scroll","background-type":"","background-media":"","overlay-type":"","overlay-color":"","overlay-opacity":"","overlay-gradient":""}},"footnotes":""},"class_list":["post-138","page","type-page","status-publish","has-post-thumbnail","hentry"],"uagb_featured_image_src":{"full":["https:\/\/sandbox.altrulocu.fr\/base\/preprod\/wp-content\/uploads\/2024\/05\/olivier-banniere-4x1-1920x480-2.webp",1920,480,false],"thumbnail":["https:\/\/sandbox.altrulocu.fr\/base\/preprod\/wp-content\/uploads\/2024\/05\/olivier-banniere-4x1-1920x480-2-150x150.webp",150,150,true],"medium":["https:\/\/sandbox.altrulocu.fr\/base\/preprod\/wp-content\/uploads\/2024\/05\/olivier-banniere-4x1-1920x480-2.webp",300,75,false],"medium_large":["https:\/\/sandbox.altrulocu.fr\/base\/preprod\/wp-content\/uploads\/2024\/05\/olivier-banniere-4x1-1920x480-2.webp",768,192,false],"large":["https:\/\/sandbox.altrulocu.fr\/base\/preprod\/wp-content\/uploads\/2024\/05\/olivier-banniere-4x1-1920x480-2.webp",1024,256,false],"1536x1536":["https:\/\/sandbox.altrulocu.fr\/base\/preprod\/wp-content\/uploads\/2024\/05\/olivier-banniere-4x1-1920x480-2.webp",1536,384,false],"2048x2048":["https:\/\/sandbox.altrulocu.fr\/base\/preprod\/wp-content\/uploads\/2024\/05\/olivier-banniere-4x1-1920x480-2.webp",1920,480,false]},"uagb_author_info":{"display_name":"Altru Locu","author_link":"https:\/\/sandbox.altrulocu.fr\/base\/preprod\/author\/admin8952\/"},"uagb_comment_info":0,"uagb_excerpt":"Hormis l\u2019encadrement sp\u00e9cifique de l\u2019activit\u00e9 des r\u00e9sidents de l\u2019association, les p\u00f4les proposent des activit\u00e9s pour les publics adh\u00e9rents individuels ou institutionnels (et non adh\u00e9rents hors site) tout au long de l\u2019ann\u00e9e. P\u00f4le Handicap P\u00f4le P\u00e9dagogie \/ Formation P\u00f4le Culture, Environnement et Patrimoine Le p\u00f4le Culture, environnement, patrimoine, vient en appui aux projets de l\u2019ensemble des\u2026","_links":{"self":[{"href":"https:\/\/sandbox.altrulocu.fr\/base\/preprod\/wp-json\/wp\/v2\/pages\/138","targetHints":{"allow":["GET"]}}],"collection":[{"href":"https:\/\/sandbox.altrulocu.fr\/base\/preprod\/wp-json\/wp\/v2\/pages"}],"about":[{"href":"https:\/\/sandbox.altrulocu.fr\/base\/preprod\/wp-json\/wp\/v2\/types\/page"}],"author":[{"embeddable":true,"href":"https:\/\/sandbox.altrulocu.fr\/base\/preprod\/wp-json\/wp\/v2\/users\/1"}],"replies":[{"embeddable":true,"href":"https:\/\/sandbox.altrulocu.fr\/base\/preprod\/wp-json\/wp\/v2\/comments?post=138"}],"version-history":[{"count":0,"href":"https:\/\/sandbox.altrulocu.fr\/base\/preprod\/wp-json\/wp\/v2\/pages\/138\/revisions"}],"wp:featuredmedia":[{"embeddable":true,"href":"https:\/\/sandbox.altrulocu.fr\/base\/preprod\/wp-json\/wp\/v2\/media\/3279"}],"wp:attachment":[{"href":"https:\/\/sandbox.altrulocu.fr\/base\/preprod\/wp-json\/wp\/v2\/media?parent=138"}],"curies":[{"name":"wp","href":"https:\/\/api.w.org\/{rel}","templated":true}]}}