{"id":3161,"date":"2024-05-09T12:07:06","date_gmt":"2024-05-09T10:07:06","guid":{"rendered":"https:\/\/sandbox.altrulocu.fr\/?page_id=3161"},"modified":"2024-05-15T00:20:56","modified_gmt":"2024-05-14T22:20:56","slug":"accueil","status":"publish","type":"page","link":"https:\/\/sandbox.altrulocu.fr\/base\/preprod\/","title":{"rendered":"Accueil"},"content":{"rendered":"\n<div class=\"wp-block-uagb-container uagb-block-cbc73aae alignfull uagb-is-root-container\">\n<div class=\"wp-block-uagb-info-box uagb-block-0ab050bb uagb-infobox__content-wrap  uagb-infobox-icon-above-title uagb-infobox-image-valign-top wp-block-uagb-info-box--has-margin\"><div class=\"uagb-infobox-margin-wrapper\"><div class=\"uagb-ifb-content\"><div class=\"uagb-ifb-title-wrap\"><h1 class=\"uagb-ifb-title\">L&rsquo;Altru Locu : a lenza<\/h1><\/div><p class=\"uagb-ifb-desc\">Un lieu cr\u00e9\u00e9 pour et par vous, pour que vos id\u00e9es deviennent r\u00e9alit\u00e9, pour en faire jaillir d\u2019autres.<\/p><\/div><\/div><\/div>\n<\/div>\n\n\n\n<div class=\"wp-block-uagb-container uagb-block-42f15172 alignfull uagb-is-root-container\"><div class=\"uagb-container-inner-blocks-wrap\">\n<div class=\"wp-block-uagb-info-box uagb-block-514688c4 uagb-infobox__content-wrap  uagb-infobox-icon-above-title uagb-infobox-image-valign-top wp-block-uagb-info-box--has-margin\"><div class=\"uagb-infobox-margin-wrapper\"><div class=\"uagb-ifb-content\"><div class=\"uagb-ifb-title-wrap\"><h2 class=\"uagb-ifb-title\">Qui sommes-nous ?<\/h2><\/div><p class=\"uagb-ifb-desc\">Tiers-lieu vert, inclusif, transg\u00e9n\u00e9rationnel, l&rsquo;Altru Locu est un lieu de vie \u00e0 vocation th\u00e9rapeutique, p\u00e9dagogique, culturelle et \u00e9ducative. C&rsquo;est un laboratoire d&rsquo;innovation verte et d&rsquo;expression cr\u00e9ative qui inclut \u00e9galement le monde num\u00e9rique.<\/p><div class=\"uagb-ifb-button-wrapper wp-block-button\"><a href=\"asso\" class=\"uagb-infobox-cta-link wp-block-button__link\" target=\"_self\" rel=\"noopener noreferrer\" onclick=\"return true;\" alt=\"\"><span class=\"uagb-inline-editing\">D\u00e9couvrir l&rsquo;Association<\/span><svg xmlns=\"https:\/\/www.w3.org\/2000\/svg\" viewBox=\"0 0 512 512\"><path d=\"M504.3 273.6l-112.1 104c-6.992 6.484-17.18 8.218-25.94 4.406c-8.758-3.812-14.42-12.45-14.42-21.1L351.9 288H32C14.33 288 .0002 273.7 .0002 255.1S14.33 224 32 224h319.9l0-72c0-9.547 5.66-18.19 14.42-22c8.754-3.809 18.95-2.075 25.94 4.41l112.1 104C514.6 247.9 514.6 264.1 504.3 273.6z\"><\/path><\/svg><\/a><\/div><\/div><\/div><\/div>\n<\/div><\/div>\n\n\n\n<div class=\"wp-block-uagb-container uagb-block-56e50346 alignfull uagb-is-root-container\"><div class=\"uagb-container-inner-blocks-wrap\">\n<div class=\"wp-block-columns are-vertically-aligned-center is-layout-flex wp-container-core-columns-is-layout-b995cd21 wp-block-columns-is-layout-flex\" style=\"padding-top:1em;padding-bottom:1em\">\n<div class=\"wp-block-column is-vertically-aligned-center is-layout-flow wp-block-column-is-layout-flow\" style=\"flex-basis:33.33%\">\n<figure class=\"wp-block-image size-full\"><img loading=\"lazy\" decoding=\"async\" width=\"480\" height=\"360\" src=\"https:\/\/sandbox.altrulocu.fr\/base\/preprod\/wp-content\/uploads\/2024\/05\/groupe-4x3-480-1.webp\" alt=\"\" class=\"wp-image-3275\"\/><\/figure>\n<\/div>\n\n\n\n<div class=\"wp-block-column is-vertically-aligned-center is-layout-flow wp-block-column-is-layout-flow\" style=\"flex-basis:66.66%\">\n<div class=\"wp-block-uagb-info-box uagb-block-5d960a8c uagb-infobox__content-wrap  uagb-infobox-icon-above-title uagb-infobox-image-valign-top\"><div class=\"uagb-ifb-content\"><div class=\"uagb-ifb-title-wrap\"><h3 class=\"uagb-ifb-title\">Accueil alternatif<\/h3><\/div><p class=\"uagb-ifb-desc\">Nombreux sont ceux qui cherchent un lieu convivial, serein, un mode de vie sociale alternatif. Un lieu o\u00f9 l&rsquo;on peut venir travailler, bricoler, tel un \u00e9mulateur, ou juste se \u00ab\u00a0poser\u00a0\u00bb, se reposer au calme (<em>U \u00ab\u00a0posa qu\u00ec\u00a0\u00bb<\/em>), fl\u00e2ner, l&rsquo;Altru Locu se faisant alors lieu de r\u00e9pit.<br>Ici, ce ne sont plus les conventions sociales usuelles qui font r\u00e9f\u00e9rence, ni la \u00ab\u00a0normalit\u00e9\u00a0\u00bb, mais plut\u00f4t la bienveillance, la coop\u00e9ration, le vivre ensemble dans le respect mutuel et l&rsquo;\u00e9coute de l&rsquo;autre.<\/p><\/div><\/div>\n<\/div>\n<\/div>\n\n\n\n<div class=\"wp-block-columns are-vertically-aligned-center is-layout-flex wp-container-core-columns-is-layout-b995cd21 wp-block-columns-is-layout-flex\" style=\"padding-top:1em;padding-bottom:1em\">\n<div class=\"wp-block-column is-vertically-aligned-center is-layout-flow wp-block-column-is-layout-flow\" style=\"flex-basis:66.66%\">\n<div class=\"wp-block-uagb-info-box uagb-block-25790c70 uagb-infobox__content-wrap  uagb-infobox-icon-above-title uagb-infobox-image-valign-top\"><div class=\"uagb-ifb-content\"><div class=\"uagb-ifb-title-wrap\"><h3 class=\"uagb-ifb-title\">Nature et jardins<\/h3><\/div><p class=\"uagb-ifb-desc\"><em>A lenza<\/em> est d&rsquo;abord un lieu dans la nature, qui devient le support de nombreuses activit\u00e9s. Celle du jardin d&rsquo;abord, les bienfaits du jardinage sur la sant\u00e9 n&rsquo;\u00e9tant plus \u00e0 d\u00e9montrer ; mais c&rsquo;est aussi le support d&rsquo;autres activit\u00e9s cr\u00e9atives, tels que le <em>land art<\/em>, ou encore des activit\u00e9s de <em>parkour<\/em>, des sentiers pieds-nus, des observatoires \u00e0 oiseaux, et tout un tas d&rsquo;activit\u00e9s que les esprits cr\u00e9atifs du lieu ne manqueront pas d&rsquo;imaginer et de proposer.<br><em>A lenza<\/em> est en r\u00e9alit\u00e9 un lieu \u00e0 imaginer et am\u00e9nager ensemble.<\/p><\/div><\/div>\n<\/div>\n\n\n\n<div class=\"wp-block-column is-vertically-aligned-center is-layout-flow wp-block-column-is-layout-flow\" style=\"flex-basis:33.33%\">\n<figure class=\"wp-block-image size-full\"><img loading=\"lazy\" decoding=\"async\" width=\"512\" height=\"384\" src=\"https:\/\/sandbox.altrulocu.fr\/base\/preprod\/wp-content\/uploads\/2024\/05\/cueillette-4x3-512.webp\" alt=\"\" class=\"wp-image-3276\"\/><\/figure>\n<\/div>\n<\/div>\n\n\n\n<div class=\"wp-block-columns are-vertically-aligned-center is-layout-flex wp-container-core-columns-is-layout-b995cd21 wp-block-columns-is-layout-flex\" style=\"padding-top:1em;padding-bottom:1em\">\n<div class=\"wp-block-column is-vertically-aligned-center is-layout-flow wp-block-column-is-layout-flow\" style=\"flex-basis:33.33%\">\n<figure class=\"wp-block-image size-full\"><img loading=\"lazy\" decoding=\"async\" width=\"512\" height=\"384\" src=\"https:\/\/sandbox.altrulocu.fr\/base\/preprod\/wp-content\/uploads\/2024\/05\/yarnbombing-4x3-512.webp\" alt=\"\" class=\"wp-image-3277\"\/><\/figure>\n<\/div>\n\n\n\n<div class=\"wp-block-column is-vertically-aligned-center is-layout-flow wp-block-column-is-layout-flow\" style=\"flex-basis:66.66%\">\n<div class=\"wp-block-uagb-info-box uagb-block-9da44c6c uagb-infobox__content-wrap  uagb-infobox-icon-above-title uagb-infobox-image-valign-top\"><div class=\"uagb-ifb-content\"><div class=\"uagb-ifb-title-wrap\"><h3 class=\"uagb-ifb-title\">Friche culturelle<\/h3><\/div><p class=\"uagb-ifb-desc\">Hormis les activit\u00e9s du jardin ou autour du jardin tel le land art, toutes les activit\u00e9s culturelles sont possibles, d\u00e8s lors qu&rsquo;elles sont r\u00e9alisables, c&rsquo;est-\u00e0-dire structur\u00e9es et rationnellement port\u00e9es par le r\u00e9sident (qui peut se faire aider par d&rsquo;autres r\u00e9sidents volontaires), et valid\u00e9es par la majorit\u00e9 des membres r\u00e9sidents. Exposer des travaux artistiques personnels en ext\u00e9rieur, produire ou pr\u00e9senter une pi\u00e8ce de th\u00e9\u00e2tre, des soir\u00e9es contes, organiser des sons et lumi\u00e8res, des concerts amateurs. Un espace atelier est pr\u00e9vu pour faciliter la mise en oeuvre de ces projets.<\/p><\/div><\/div>\n<\/div>\n<\/div>\n\n\n\n<div class=\"wp-block-columns are-vertically-aligned-center is-layout-flex wp-container-core-columns-is-layout-b995cd21 wp-block-columns-is-layout-flex\" style=\"padding-top:1em;padding-bottom:1em\">\n<div class=\"wp-block-column is-vertically-aligned-center is-layout-flow wp-block-column-is-layout-flow\" style=\"flex-basis:66.66%\">\n<div class=\"wp-block-uagb-info-box uagb-block-258a12de uagb-infobox__content-wrap  uagb-infobox-icon-above-title uagb-infobox-image-valign-top\"><div class=\"uagb-ifb-content\"><div class=\"uagb-ifb-title-wrap\"><h3 class=\"uagb-ifb-title\">Num\u00e9rique et Co-working<\/h3><\/div><p class=\"uagb-ifb-desc\">L&rsquo;Altru Locu propose un espace o\u00f9 il est possible de venir travailler, prendre conseil ou en donner lorsqu&rsquo;on nous en demande. Emulateur, lieu de compagnie, d&rsquo;interactions et d&rsquo;\u00e9changes, ou espace de travail calme mais non tout \u00e0 fait isol\u00e9, il peut prendre toutes les formes.<br>L&rsquo;association accueille des activit\u00e9s num\u00e9riques, avec des r\u00e9sidents qui s&rsquo;int\u00e9ressent au montage vid\u00e9o, \u00e0 l&rsquo;informatique (i.e. programmation), &#8230; Le monde num\u00e9rique ouvre l&rsquo;infini des possibles en mati\u00e8re d&rsquo;innovation dans tous les domaines.<br><br>Un r\u00e9pertoire de contributeurs sera mis en place progressivement afin de pouvoir faire appel \u00e0 des ressources professionnelles internes ou externes \u00e0 l&rsquo;association et susceptibles d&rsquo;apporter leur aide ou conseil au besoin.<\/p><\/div><\/div>\n<\/div>\n\n\n\n<div class=\"wp-block-column is-vertically-aligned-center is-layout-flow wp-block-column-is-layout-flow\" style=\"flex-basis:33.33%\">\n<figure class=\"wp-block-image size-full\"><img loading=\"lazy\" decoding=\"async\" width=\"512\" height=\"384\" src=\"https:\/\/sandbox.altrulocu.fr\/base\/preprod\/wp-content\/uploads\/2024\/05\/numerique-4x3-512-1.webp\" alt=\"\" class=\"wp-image-3278\"\/><\/figure>\n<\/div>\n<\/div>\n<\/div><\/div>\n\n\n\n<div class=\"wp-block-uagb-container uagb-layout-grid uagb-block-d4a8439a alignfull uagb-is-root-container\"><div class=\"uagb-container-inner-blocks-wrap\">\n<div class=\"wp-block-uagb-container uagb-block-03a4ee33\">\n<div class=\"wp-block-uagb-info-box uagb-block-085e20e0 uagb-infobox__content-wrap  uagb-infobox-icon-above-title uagb-infobox-image-valign-top wp-block-uagb-info-box--has-margin\"><div class=\"uagb-infobox-margin-wrapper\"><div class=\"uagb-ifb-content\"><div class=\"uagb-ifb-title-wrap\"><h2 class=\"uagb-ifb-title\">Publications r\u00e9centes<\/h2><\/div><div class=\"uagb-ifb-button-wrapper wp-block-button\"><a href=\"articles\" class=\"uagb-infobox-cta-link wp-block-button__link\" target=\"_self\" rel=\"noopener noreferrer\" onclick=\"return true;\" alt=\"\"><span class=\"uagb-inline-editing\">Tout voir<\/span><svg xmlns=\"https:\/\/www.w3.org\/2000\/svg\" viewBox=\"0 0 512 512\"><path d=\"M504.3 273.6l-112.1 104c-6.992 6.484-17.18 8.218-25.94 4.406c-8.758-3.812-14.42-12.45-14.42-21.1L351.9 288H32C14.33 288 .0002 273.7 .0002 255.1S14.33 224 32 224h319.9l0-72c0-9.547 5.66-18.19 14.42-22c8.754-3.809 18.95-2.075 25.94 4.41l112.1 104C514.6 247.9 514.6 264.1 504.3 273.6z\"><\/path><\/svg><\/a><\/div><\/div><\/div><\/div>\n<\/div>\n\n\n\n<div class=\"wp-block-uagb-container uagb-block-01acfbdd\">\n\t\t\t<div class=\"wp-block-uagb-post-grid uagb-post-grid  uagb-post__image-position-top uagb-post__image-enabled uagb-block-ff3f6d8a     uagb-post__items uagb-post__columns-4 is-grid uagb-post__columns-tablet-2 uagb-post__columns-mobile-1 uagb-post__equal-height\" data-total=\"1\" style=\"\">\n\n\t\t\t\t\t\t\t\t\t\t\t\t<article class=\"uagb-post__inner-wrap\">\t\t\t\t\t\t\t\t<div class='uagb-post__image'>\n\t\t\t\t\t\t\t\t\t<a href=\"https:\/\/sandbox.altrulocu.fr\/base\/preprod\/atelier-alivu\/\" target=\"_self\" rel=\"bookmark noopener noreferrer\" class='uagb-image-ratio-2-3'><img loading=\"lazy\" decoding=\"async\" width=\"1000\" height=\"667\" src=\"https:\/\/sandbox.altrulocu.fr\/base\/preprod\/wp-content\/uploads\/2024\/05\/meules-olives-3x2-1.webp\" class=\"attachment-full size-full\" alt=\"\" \/>\t\t\t\t\t<\/a>\n\t\t\t\t\t\t\t<\/div>\n\t\t\t\t\t\t\t<div class=\"uagb-post__text\">\n\t\t\t\t\t<span class='uagb-post__taxonomy default'>\n\t\t\t\t\t\t\t\t\t\t\t\t<a href=\"https:\/\/sandbox.altrulocu.fr\/base\/preprod\/category\/crowdfunding\/\">Financement participatif<\/a>\t\t\t\t\t<\/span>\n\t\t\t\t<\/div>\n\t\t\t\t\t\t\t<h4 class=\"uagb-post__title uagb-post__text\">\n\t\t\t\t<a href=\"https:\/\/sandbox.altrulocu.fr\/base\/preprod\/atelier-alivu\/\" target=\"_self\" rel=\"bookmark noopener noreferrer\">Projet Atelier Alivu, Patrimoine et Culture<\/a>\n\t\t\t<\/h4>\n\t\t\t\t\t\t<div class='uagb-post__text uagb-post-grid-byline'>\n\t\t\t\t\t\t\t<\/div>\n\t\t\t\t\t\t\t<div class='uagb-post__text uagb-post__excerpt'>\n\t\t\t\t\tMise en oeuvre d&rsquo;un atelier de production d&rsquo;huile d&rsquo;olive \u00e0 destination des particuliers, activit\u00e9 partag\u00e9e&#8230;\t\t\t\t<\/div>\n\t\t\t\t\t\t<div class=\"uagb-post__text uagb-post__cta wp-block-button\">\n\t\t\t\t<a class=\"wp-block-button__link uagb-text-link\" style=\"\" href=\"https:\/\/sandbox.altrulocu.fr\/base\/preprod\/atelier-alivu\/\" target=\"_self\" rel=\"bookmark noopener noreferrer\">Lire la suite &gt;&gt;<\/a>\n\t\t\t<\/div>\n\t\t\t\n\t\t\t\t\t\t\t\t\t<\/article>\n\t\t\t\t\t\t\t\t\t\t\t\t\t\t\t\t<article class=\"uagb-post__inner-wrap\">\t\t\t\t\t\t\t\t<div class='uagb-post__image'>\n\t\t\t\t\t\t\t\t\t<a href=\"https:\/\/sandbox.altrulocu.fr\/base\/preprod\/apero-psy-21-mai-2024\/\" target=\"_self\" rel=\"bookmark noopener noreferrer\" class='uagb-image-ratio-2-3'><img loading=\"lazy\" decoding=\"async\" width=\"1920\" height=\"1280\" src=\"https:\/\/sandbox.altrulocu.fr\/base\/preprod\/wp-content\/uploads\/2024\/05\/apero-3x2-1920.webp\" class=\"attachment-full size-full\" alt=\"\" \/>\t\t\t\t\t<\/a>\n\t\t\t\t\t\t\t<\/div>\n\t\t\t\t\t\t\t<div class=\"uagb-post__text\">\n\t\t\t\t\t<span class='uagb-post__taxonomy default'>\n\t\t\t\t\t\t\t\t\t\t\t\t<a href=\"https:\/\/sandbox.altrulocu.fr\/base\/preprod\/category\/articles\/agenda\/\">Agenda<\/a>, &nbsp;<a href=\"https:\/\/sandbox.altrulocu.fr\/base\/preprod\/category\/articles\/agenda\/apero-psy\/\">Ap\u00e9ro Psy<\/a>\t\t\t\t\t<\/span>\n\t\t\t\t<\/div>\n\t\t\t\t\t\t\t<h4 class=\"uagb-post__title uagb-post__text\">\n\t\t\t\t<a href=\"https:\/\/sandbox.altrulocu.fr\/base\/preprod\/apero-psy-21-mai-2024\/\" target=\"_self\" rel=\"bookmark noopener noreferrer\">Ap\u00e9ro Psy &#8211; 21 mai 2024<\/a>\n\t\t\t<\/h4>\n\t\t\t\t\t\t<div class='uagb-post__text uagb-post-grid-byline'>\n\t\t\t\t\t\t\t<\/div>\n\t\t\t\t\t\t\t<div class='uagb-post__text uagb-post__excerpt'>\n\t\t\t\t\tSujet du jour : Les hommes et les femmes r\u00e9fl\u00e9chissent-ils vraiment diff\u00e9remment ?\t\t\t\t<\/div>\n\t\t\t\t\t\t<div class=\"uagb-post__text uagb-post__cta wp-block-button\">\n\t\t\t\t<a class=\"wp-block-button__link uagb-text-link\" style=\"\" href=\"https:\/\/sandbox.altrulocu.fr\/base\/preprod\/apero-psy-21-mai-2024\/\" target=\"_self\" rel=\"bookmark noopener noreferrer\">Lire la suite &gt;&gt;<\/a>\n\t\t\t<\/div>\n\t\t\t\n\t\t\t\t\t\t\t\t\t<\/article>\n\t\t\t\t\t\t\t\t\t\t\t\t\t\t\t\t<article class=\"uagb-post__inner-wrap\">\t\t\t\t\t\t\t\t<div class='uagb-post__image'>\n\t\t\t\t\t\t\t\t\t<a href=\"https:\/\/sandbox.altrulocu.fr\/base\/preprod\/hortitherapie\/\" target=\"_self\" rel=\"bookmark noopener noreferrer\" class='uagb-image-ratio-2-3'><img loading=\"lazy\" decoding=\"async\" width=\"667\" height=\"445\" src=\"https:\/\/sandbox.altrulocu.fr\/base\/preprod\/wp-content\/uploads\/2024\/05\/mains-plante-3x2-1.webp\" class=\"attachment-full size-full\" alt=\"\" \/>\t\t\t\t\t<\/a>\n\t\t\t\t\t\t\t<\/div>\n\t\t\t\t\t\t\t<div class=\"uagb-post__text\">\n\t\t\t\t\t<span class='uagb-post__taxonomy default'>\n\t\t\t\t\t\t\t\t\t\t\t\t<a href=\"https:\/\/sandbox.altrulocu.fr\/base\/preprod\/category\/activite\/\">Activit\u00e9<\/a>\t\t\t\t\t<\/span>\n\t\t\t\t<\/div>\n\t\t\t\t\t\t\t<h4 class=\"uagb-post__title uagb-post__text\">\n\t\t\t\t<a href=\"https:\/\/sandbox.altrulocu.fr\/base\/preprod\/hortitherapie\/\" target=\"_self\" rel=\"bookmark noopener noreferrer\">Hortith\u00e9rapie<\/a>\n\t\t\t<\/h4>\n\t\t\t\t\t\t<div class='uagb-post__text uagb-post-grid-byline'>\n\t\t\t\t\t\t\t<\/div>\n\t\t\t\t\t\t\t<div class='uagb-post__text uagb-post__excerpt'>\n\t\t\t\t\tDans son Jardin de soin, l\u2019Altru Locu propose des ateliers hortith\u00e9rapeutiques&#8230;\t\t\t\t<\/div>\n\t\t\t\t\t\t<div class=\"uagb-post__text uagb-post__cta wp-block-button\">\n\t\t\t\t<a class=\"wp-block-button__link uagb-text-link\" style=\"\" href=\"https:\/\/sandbox.altrulocu.fr\/base\/preprod\/hortitherapie\/\" target=\"_self\" rel=\"bookmark noopener noreferrer\">Lire la suite &gt;&gt;<\/a>\n\t\t\t<\/div>\n\t\t\t\n\t\t\t\t\t\t\t\t\t<\/article>\n\t\t\t\t\t\t\t\t\t\t\t\t\t<div class=\"uagb-post-pagination-wrap\">\n\t\t\t\t\t\t\t\t\t\t\t<\/div>\n\t\t\t\t\t\t\t\t<\/div>\n\t\t\t<\/div>\n<\/div><\/div>\n\n\n\n<div class=\"wp-block-uagb-container uagb-block-4eb4aeb3 alignfull uagb-is-root-container\">\n<div class=\"wp-block-uagb-info-box uagb-block-35bc24ad uagb-infobox__content-wrap  uagb-infobox-icon-above-title uagb-infobox-image-valign-top\"><div class=\"uagb-ifb-content\"><div class=\"uagb-ifb-title-wrap\"><h2 class=\"uagb-ifb-title\">Des Questions ?<\/h2><\/div><div class=\"uagb-ifb-separator\"><\/div><p class=\"uagb-ifb-desc\">Que vous souhaitiez en savoir plus sur les \u00e9v\u00e9nements \u00e0 venir, l\u2019adh\u00e9sion, la participation ou toute autre question sur l\u2019association, nous sommes l\u00e0 pour r\u00e9pondre \u00e0 toutes vos questions.<\/p><div class=\"uagb-ifb-button-wrapper wp-block-button\"><a href=\"contact\" class=\"uagb-infobox-cta-link wp-block-button__link\" target=\"_self\" rel=\"noopener noreferrer\" onclick=\"return true;\" alt=\"\"><span class=\"uagb-inline-editing\">Contactez-nous !<\/span><\/a><\/div><\/div><\/div>\n<\/div>\n","protected":false},"excerpt":{"rendered":"","protected":false},"author":1,"featured_media":0,"parent":0,"menu_order":0,"comment_status":"closed","ping_status":"closed","template":"","meta":{"_uag_custom_page_level_css":"","site-sidebar-layout":"default","site-content-layout":"","ast-site-content-layout":"default","site-content-style":"default","site-sidebar-style":"default","ast-global-header-display":"","ast-banner-title-visibility":"disabled","ast-main-header-display":"","ast-hfb-above-header-display":"","ast-hfb-below-header-display":"","ast-hfb-mobile-header-display":"","site-post-title":"disabled","ast-breadcrumbs-content":"","ast-featured-img":"","footer-sml-layout":"","ast-disable-related-posts":"","theme-transparent-header-meta":"","adv-header-id-meta":"","stick-header-meta":"","header-above-stick-meta":"","header-main-stick-meta":"","header-below-stick-meta":"","astra-migrate-meta-layouts":"default","ast-page-background-enabled":"default","ast-page-background-meta":{"desktop":{"background-color":"var(--ast-global-color-4)","background-image":"","background-repeat":"repeat","background-position":"center center","background-size":"auto","background-attachment":"scroll","background-type":"","background-media":"","overlay-type":"","overlay-color":"","overlay-opacity":"","overlay-gradient":""},"tablet":{"background-color":"","background-image":"","background-repeat":"repeat","background-position":"center center","background-size":"auto","background-attachment":"scroll","background-type":"","background-media":"","overlay-type":"","overlay-color":"","overlay-opacity":"","overlay-gradient":""},"mobile":{"background-color":"","background-image":"","background-repeat":"repeat","background-position":"center center","background-size":"auto","background-attachment":"scroll","background-type":"","background-media":"","overlay-type":"","overlay-color":"","overlay-opacity":"","overlay-gradient":""}},"ast-content-background-meta":{"desktop":{"background-color":"var(--ast-global-color-5)","background-image":"","background-repeat":"repeat","background-position":"center center","background-size":"auto","background-attachment":"scroll","background-type":"","background-media":"","overlay-type":"","overlay-color":"","overlay-opacity":"","overlay-gradient":""},"tablet":{"background-color":"var(--ast-global-color-5)","background-image":"","background-repeat":"repeat","background-position":"center center","background-size":"auto","background-attachment":"scroll","background-type":"","background-media":"","overlay-type":"","overlay-color":"","overlay-opacity":"","overlay-gradient":""},"mobile":{"background-color":"var(--ast-global-color-5)","background-image":"","background-repeat":"repeat","background-position":"center center","background-size":"auto","background-attachment":"scroll","background-type":"","background-media":"","overlay-type":"","overlay-color":"","overlay-opacity":"","overlay-gradient":""}},"footnotes":""},"class_list":["post-3161","page","type-page","status-publish","hentry"],"uagb_featured_image_src":{"full":false,"thumbnail":false,"medium":false,"medium_large":false,"large":false,"1536x1536":false,"2048x2048":false},"uagb_author_info":{"display_name":"Altru Locu","author_link":"https:\/\/sandbox.altrulocu.fr\/base\/preprod\/author\/admin8952\/"},"uagb_comment_info":0,"uagb_excerpt":null,"_links":{"self":[{"href":"https:\/\/sandbox.altrulocu.fr\/base\/preprod\/wp-json\/wp\/v2\/pages\/3161","targetHints":{"allow":["GET"]}}],"collection":[{"href":"https:\/\/sandbox.altrulocu.fr\/base\/preprod\/wp-json\/wp\/v2\/pages"}],"about":[{"href":"https:\/\/sandbox.altrulocu.fr\/base\/preprod\/wp-json\/wp\/v2\/types\/page"}],"author":[{"embeddable":true,"href":"https:\/\/sandbox.altrulocu.fr\/base\/preprod\/wp-json\/wp\/v2\/users\/1"}],"replies":[{"embeddable":true,"href":"https:\/\/sandbox.altrulocu.fr\/base\/preprod\/wp-json\/wp\/v2\/comments?post=3161"}],"version-history":[{"count":0,"href":"https:\/\/sandbox.altrulocu.fr\/base\/preprod\/wp-json\/wp\/v2\/pages\/3161\/revisions"}],"wp:attachment":[{"href":"https:\/\/sandbox.altrulocu.fr\/base\/preprod\/wp-json\/wp\/v2\/media?parent=3161"}],"curies":[{"name":"wp","href":"https:\/\/api.w.org\/{rel}","templated":true}]}}